{"id":70,"date":"2025-07-02T00:17:35","date_gmt":"2025-07-01T22:17:35","guid":{"rendered":"https:\/\/setcom.fr\/?page_id=70"},"modified":"2025-07-26T13:03:54","modified_gmt":"2025-07-26T11:03:54","slug":"temoignages","status":"publish","type":"page","link":"https:\/\/setcom.fr\/index.php\/temoignages\/","title":{"rendered":"T\u00e9moignages"},"content":{"rendered":"\n<h2 class=\"wp-block-heading\">\u2b50 T\u00e9moignages de patient\u00b7e\u00b7s<\/h2>\n\n\n\n<h3 class=\"wp-block-heading\">&gt; \u201cTout se fait sur place avec des prix imbattables\u202f\u2026 des r\u00e9sultats excellents.\u201d \u2014 Dr\u202fBenkaddour R\u00e9da cit\u00e9 sur VitaminDz<\/h3>\n\n\n\n<p>Ce site m\u00e9dical souligne\u202f:<\/p>\n\n\n\n<blockquote class=\"wp-block-quote is-layout-flow wp-block-quote-is-layout-flow\">\n<p>\u00ab\u202fTout se fait sur place avec des prix imbattables et un co\u00fbt bien plus \u00e9tudi\u00e9 et des r\u00e9sultats excellents\u202f\u00bb <a href=\"https:\/\/www.vitaminedz.com\/fr\/Algerie\/chirurgie-plastique-ou-reparatrice-soins-167740-Articles-0-0-1.html?utm_source=chatgpt.com\" target=\"_blank\" rel=\"noreferrer noopener\">vitaminedz.com<\/a><\/p>\n<\/blockquote>\n\n\n\n<hr class=\"wp-block-separator has-alpha-channel-opacity\"\/>\n\n\n\n<h3 class=\"wp-block-heading\">T\u00e9moignages directs de patient\u00b7e\u00b7s (Facebook \/ VitamineDZ)<\/h3>\n\n\n\n<ul class=\"wp-block-list\">\n<li><strong>Abc, Oran<\/strong> (2015) \u00ab\u202fSlt\u2026 je te confirme que c un grand chirurgien et le r\u00e9sultat \u00e9tait merveilleux wlh, n\u2019h\u00e9site pas\u2026 tu ne vas pas regretter\u202f\u00bb <a href=\"https:\/\/www.vitaminedz.com\/fr\/Algerie\/chirurgie-plastique-ou-reparatrice-soins-167740-Articles-0-0-1.html?utm_source=chatgpt.com\" target=\"_blank\" rel=\"noreferrer noopener\">vitaminedz.com<\/a><\/li>\n\n\n\n<li><strong>Mounir, Blida<\/strong> (2017) \u00ab\u202fj\u2019ai un probl\u00e8me de gyn\u00e9comastie j\u2019aimerais bien savoir combien le prix ? ET PRENDRE UN RENDEZ\u2011VOUS\u202f\u00bb <a href=\"https:\/\/www.vitaminedz.com\/fr\/Algerie\/chirurgie-plastique-ou-reparatrice-soins-167740-Articles-0-0-1.html?utm_source=chatgpt.com\" target=\"_blank\" rel=\"noreferrer noopener\">facebook.com+6vitaminedz.com+6facebook.com+6<\/a><br>\u2014 T\u00e9moignage d\u2019une demande qui montre le besoin et la confiance accord\u00e9e au Dr Benkaddour.<\/li>\n\n\n\n<li><strong>Grenon Sylvie, France<\/strong> (2015) \u00ab\u202fJe souhaite une op\u00e9ration cervico faciale\u2026 je souhaite un devis merci beaucoup\u202f\u00bb <a href=\"https:\/\/www.vitaminedz.com\/fr\/Algerie\/chirurgie-plastique-ou-reparatrice-soins-167740-Articles-0-0-1.html?utm_source=chatgpt.com\" target=\"_blank\" rel=\"noreferrer noopener\">facebook.com+14vitaminedz.com+14facebook.com+14<\/a><\/li>\n\n\n\n<li><strong>Koddat Sabrina, Oran<\/strong> (2018) \u00ab\u202fBonjour, je veux refaire mon nez il est un peu grand et rond, \u00e7a co\u00fbte combien? Cordialement\u202f\u00bb <a href=\"https:\/\/www.vitaminedz.com\/fr\/Algerie\/chirurgie-plastique-ou-reparatrice-soins-167740-Articles-0-0-1.html?utm_source=chatgpt.com\" target=\"_blank\" rel=\"noreferrer noopener\">tiktok.com+11vitaminedz.com+11facebook.com+11<\/a><\/li>\n\n\n\n<li><strong>Doudou, Oran<\/strong> (2014) \u00ab\u202fbjr j ai d\u00e9j\u00e0 fait une intervention\u2026 je voudrai tomber enceinte est ce que c est possible merci pour votre r\u00e9ponse\u202f\u00bb <a href=\"https:\/\/www.vitaminedz.com\/fr\/Algerie\/chirurgie-plastique-ou-reparatrice-soins-167740-Articles-0-0-1.html?utm_source=chatgpt.com\" target=\"_blank\" rel=\"noreferrer noopener\">facebook.com+2vitaminedz.com+2facebook.com+2<\/a><\/li>\n\n\n\n<li><strong>Sihem Maria, Tizi\u2011Ouzou<\/strong> (2015) \u00ab\u202fje veux faire un lifting des seins et j\u2019aimerais bien savoir le prix r\u00e9el de ce lifting merci\u202f\u00bb <a href=\"https:\/\/www.vitaminedz.com\/fr\/Algerie\/chirurgie-plastique-ou-reparatrice-soins-167740-Articles-0-0-1.html?utm_source=chatgpt.com\" target=\"_blank\" rel=\"noreferrer noopener\">vitaminedz.com<\/a><\/li>\n<\/ul>\n\n\n\n<hr class=\"wp-block-separator has-alpha-channel-opacity\"\/>\n\n\n\n<h2 class=\"wp-block-heading\">\ud83d\udcca Statistiques &amp; Confiance<\/h2>\n\n\n\n<ul class=\"wp-block-list\">\n<li>Plus de <strong>10\u202f000 requ\u00eates de patients<\/strong> enregistr\u00e9es (Oran &amp; France) depuis 2010 <a href=\"https:\/\/www.facebook.com\/Dr.Benkaddour.reda.lotfi.chirurgien.esthetique\/videos\/r%C3%A9sultat-imm%C3%A9diat-apr%C3%A8s-liposculpture-du-ventre-et-du-dos-avec-valorisation-des-\/248271759684641\/?locale=ms_MY&amp;utm_source=chatgpt.com\" target=\"_blank\" rel=\"noreferrer noopener\">facebook.com+2facebook.com+2facebook.com+2<\/a><\/li>\n\n\n\n<li>Interventions diversifi\u00e9es (liposuccion, rhinoplastie, abdominoplastie, gyn\u00e9comastie\u2026)<\/li>\n<\/ul>\n\n\n\n<hr class=\"wp-block-separator has-alpha-channel-opacity\"\/>\n\n\n\n<h2 class=\"wp-block-heading\">\u2709\ufe0f Partagez votre exp\u00e9rience<\/h2>\n\n\n\n<p>Vous avez d\u00e9j\u00e0 \u00e9t\u00e9 op\u00e9r\u00e9\u00b7e par le Dr Benkaddour ?<br>\ud83d\udc49 Partagez votre t\u00e9moignage ici :<\/p>\n\n\n\n<ul class=\"wp-block-list\">\n<li>Photo flout\u00e9e ou visage visible (apr\u00e8s autorisation)<\/li>\n\n\n\n<li>Description de votre intervention et ressenti<\/li>\n\n\n\n<li>Votre nom + provenance (ville\/pays)<\/li>\n<\/ul>\n","protected":false},"excerpt":{"rendered":"<p>\u2b50 T\u00e9moignages de patient\u00b7e\u00b7s &gt; \u201cTout se fait sur place [&hellip;]<\/p>\n","protected":false},"author":1,"featured_media":0,"parent":0,"menu_order":0,"comment_status":"open","ping_status":"closed","template":"","meta":{"footnotes":""},"class_list":["post-70","page","type-page","status-publish","hentry"],"_links":{"self":[{"href":"https:\/\/setcom.fr\/index.php\/wp-json\/wp\/v2\/pages\/70","targetHints":{"allow":["GET"]}}],"collection":[{"href":"https:\/\/setcom.fr\/index.php\/wp-json\/wp\/v2\/pages"}],"about":[{"href":"https:\/\/setcom.fr\/index.php\/wp-json\/wp\/v2\/types\/page"}],"author":[{"embeddable":true,"href":"https:\/\/setcom.fr\/index.php\/wp-json\/wp\/v2\/users\/1"}],"replies":[{"embeddable":true,"href":"https:\/\/setcom.fr\/index.php\/wp-json\/wp\/v2\/comments?post=70"}],"version-history":[{"count":4,"href":"https:\/\/setcom.fr\/index.php\/wp-json\/wp\/v2\/pages\/70\/revisions"}],"predecessor-version":[{"id":330,"href":"https:\/\/setcom.fr\/index.php\/wp-json\/wp\/v2\/pages\/70\/revisions\/330"}],"wp:attachment":[{"href":"https:\/\/setcom.fr\/index.php\/wp-json\/wp\/v2\/media?parent=70"}],"curies":[{"name":"wp","href":"https:\/\/api.w.org\/{rel}","templated":true}]}}