{"id":68,"date":"2025-07-02T00:16:21","date_gmt":"2025-07-01T22:16:21","guid":{"rendered":"https:\/\/setcom.fr\/?page_id=68"},"modified":"2025-07-12T20:03:25","modified_gmt":"2025-07-12T18:03:25","slug":"tourisme-medical","status":"publish","type":"page","link":"https:\/\/setcom.fr\/index.php\/tourisme-medical\/","title":{"rendered":"Tourisme m\u00e9dical"},"content":{"rendered":"\n<hr class=\"wp-block-separator has-alpha-channel-opacity\"\/>\n\n\n\n<hr class=\"wp-block-separator has-alpha-channel-opacity\"\/>\n\n\n\n<!DOCTYPE html>\n<html lang=\"fr\">\n<head>\n  <meta charset=\"UTF-8\">\n  <title>Tourisme m\u00e9dical \u00e0 Oran<\/title>\n  <style>\n    body {\n      font-family: Arial, sans-serif;\n      margin: 0;\n      background: #f8f8f8;\n    }\n\n    header {\n      background-color: #111;\n      color: #fff;\n      padding: 30px 0;\n      text-align: center;\n    }\n\n    .slideshow-container {\n      position: relative;\n      max-width: 800px;\n      margin: 30px auto;\n      box-shadow: 0 4px 8px rgba(0,0,0,0.2);\n    }\n\n    .slides {\n      display: none;\n      width: 100%;\n      height: auto;\n      max-height: 450px;\n      object-fit: cover;\n    }\n\n    .section {\n      max-width: 1000px;\n      margin: 40px auto;\n      padding: 20px;\n      background-color: #fff;\n      box-shadow: 0 4px 8px rgba(0,0,0,0.1);\n    }\n\n    h2 {\n      text-align: center;\n      color: #333;\n    }\n\n    p {\n      line-height: 1.6;\n      color: #444;\n    }\n\n    .cta-button {\n      display: block;\n      width: fit-content;\n      margin: 30px auto;\n      padding: 12px 24px;\n      background-color: #0073aa;\n      color: white;\n      text-decoration: none;\n      border-radius: 5px;\n      font-weight: bold;\n    }\n\n    .cta-button:hover {\n      background-color: #005f8d;\n    }\n  <\/style>\n<\/head>\n<body>\n\n<header>\n  <h1>Tourisme m\u00e9dical<\/h1>\n<\/header>\n\n<div class=\"slideshow-container\">\n  <img decoding=\"async\" class=\"slides\" src=\"https:\/\/setcom.fr\/wp-content\/uploads\/2025\/07\/oran1.jpeg\" alt=\"Oran 1\">\n  <img decoding=\"async\" class=\"slides\" src=\"https:\/\/setcom.fr\/wp-content\/uploads\/2025\/07\/oran2.jpeg\" alt=\"Oran 2\">\n  <img decoding=\"async\" class=\"slides\" src=\"https:\/\/setcom.fr\/wp-content\/uploads\/2025\/07\/oran3.jpeg\" alt=\"Oran 3\">\n  <img decoding=\"async\" class=\"slides\" src=\"https:\/\/setcom.fr\/wp-content\/uploads\/2025\/07\/oran4.jpeg\" alt=\"Oran 4\">\n  <img decoding=\"async\" class=\"slides\" src=\"https:\/\/setcom.fr\/wp-content\/uploads\/2025\/07\/oran5.jpeg\" alt=\"Oran 5\">\n  <img decoding=\"async\" class=\"slides\" src=\"https:\/\/setcom.fr\/wp-content\/uploads\/2025\/07\/oran6.jpeg\" alt=\"Oran 6\">\n  <img decoding=\"async\" class=\"slides\" src=\"https:\/\/setcom.fr\/wp-content\/uploads\/2025\/07\/oran7.jpeg\" alt=\"Oran 7\">\n  <img decoding=\"async\" class=\"slides\" src=\"https:\/\/setcom.fr\/wp-content\/uploads\/2025\/07\/oran8.jpeg\" alt=\"Oran 8\">\n  <img decoding=\"async\" class=\"slides\" src=\"https:\/\/setcom.fr\/wp-content\/uploads\/2025\/07\/oran9.jpeg\" alt=\"Oran 9\">\n<\/div>\n\n<div class=\"section\">\n  <h2>Soins m\u00e9dicaux de qualit\u00e9 \u00e0 Oran<\/h2>\n  <p>\n    Oran, perle de la M\u00e9diterran\u00e9e, est aujourd&#8217;hui une destination privil\u00e9gi\u00e9e pour celles et ceux qui recherchent des soins m\u00e9dicaux de qualit\u00e9 tout en profitant d&#8217;un cadre ensoleill\u00e9 et apaisant.\n  <\/p>\n  <p>\n    Gr\u00e2ce \u00e0 ses infrastructures modernes et \u00e0 un personnel m\u00e9dical exp\u00e9riment\u00e9, la ville attire une client\u00e8le internationale soucieuse de son bien-\u00eatre, de sa sant\u00e9 et de son confort.\n  <\/p>\n<\/div>\n\n<div class=\"section\">\n  <h2>Un accueil personnalis\u00e9<\/h2>\n  <p>\n    D\u00e8s votre arriv\u00e9e \u00e0 l\u2019a\u00e9roport d\u2019Oran, notre \u00e9quipe vous prend en charge. Transfert priv\u00e9, h\u00e9bergement confortable et accompagnement multilingue vous sont assur\u00e9s.\n  <\/p>\n<\/div>\n\n<div class=\"section\">\n  <h2>Suivi m\u00e9dical et convalescence<\/h2>\n  <p>\n    Vous b\u00e9n\u00e9ficiez d\u2019un suivi m\u00e9dical rigoureux assur\u00e9 par des sp\u00e9cialistes reconnus. Votre bien-\u00eatre est notre priorit\u00e9, du premier rendez-vous jusqu\u2019au retour chez vous.\n  <\/p>\n<\/div>\n\n<div class=\"section\">\n  <h2>Visites et bien-\u00eatre<\/h2>\n  <p>\n    Profitez de votre s\u00e9jour pour d\u00e9couvrir la beaut\u00e9 d\u2019Oran : ses plages, son architecture mauresque, sa gastronomie et son ambiance chaleureuse. Une r\u00e9cup\u00e9ration en douceur dans un cadre idyllique.\n  <\/p>\n<\/div>\n<div class=\"section\">\n  <h2>Culture et patrimoine<\/h2>\n  <p>\n    Oran, ville au riche pass\u00e9, offre aux visiteurs un v\u00e9ritable voyage dans l&#8217;histoire et les traditions alg\u00e9riennes. De la Kasbah d&#8217;Oran au Fort de Santa Cruz, chaque recoin de la ville murmure des r\u00e9cits anciens.\n  <\/p>\n  <p>\n    C\u2019est aussi une ville vivante, avec des mus\u00e9es, des galeries, le th\u00e9\u00e2tre r\u00e9gional, sans oublier le fameux label musical Disco Maghreb devenu embl\u00e9matique de la ville. Oran, c\u2019est une culture vibrante \u00e0 d\u00e9couvrir entre deux rendez-vous m\u00e9dicaux.\n  <\/p>\n<\/div>\n\n\n<a href=\"https:\/\/setcom.fr\/index.php\/demande-de-devis\/\" class=\"cta-button\">Recevoir un devis gratuit<\/a>\n\n<script>\n  let slideIndex = 0;\n  showSlides();\n\n  function showSlides() {\n    let i;\n    const slides = document.getElementsByClassName(\"slides\");\n    for (i = 0; i < slides.length; i++) {\n      slides[i].style.display = \"none\";\n    }\n    slideIndex++;\n    if (slideIndex > slides.length) {slideIndex = 1}\n    slides[slideIndex - 1].style.display = \"block\";\n    setTimeout(showSlides, 4000); \/\/ 4 secondes\n  }\n<\/script>\n\n<\/body>\n<\/html>\n","protected":false},"excerpt":{"rendered":"<p>Tourisme m\u00e9dical \u00e0 Oran Tourisme m\u00e9dical Soins m\u00e9dicaux de qualit\u00e9 [&hellip;]<\/p>\n","protected":false},"author":1,"featured_media":0,"parent":0,"menu_order":0,"comment_status":"closed","ping_status":"closed","template":"","meta":{"footnotes":""},"class_list":["post-68","page","type-page","status-publish","hentry"],"_links":{"self":[{"href":"https:\/\/setcom.fr\/index.php\/wp-json\/wp\/v2\/pages\/68","targetHints":{"allow":["GET"]}}],"collection":[{"href":"https:\/\/setcom.fr\/index.php\/wp-json\/wp\/v2\/pages"}],"about":[{"href":"https:\/\/setcom.fr\/index.php\/wp-json\/wp\/v2\/types\/page"}],"author":[{"embeddable":true,"href":"https:\/\/setcom.fr\/index.php\/wp-json\/wp\/v2\/users\/1"}],"replies":[{"embeddable":true,"href":"https:\/\/setcom.fr\/index.php\/wp-json\/wp\/v2\/comments?post=68"}],"version-history":[{"count":11,"href":"https:\/\/setcom.fr\/index.php\/wp-json\/wp\/v2\/pages\/68\/revisions"}],"predecessor-version":[{"id":249,"href":"https:\/\/setcom.fr\/index.php\/wp-json\/wp\/v2\/pages\/68\/revisions\/249"}],"wp:attachment":[{"href":"https:\/\/setcom.fr\/index.php\/wp-json\/wp\/v2\/media?parent=68"}],"curies":[{"name":"wp","href":"https:\/\/api.w.org\/{rel}","templated":true}]}}