{"id":204,"date":"2025-07-05T01:56:07","date_gmt":"2025-07-04T23:56:07","guid":{"rendered":"https:\/\/setcom.fr\/?page_id=204"},"modified":"2025-07-22T18:14:22","modified_gmt":"2025-07-22T16:14:22","slug":"prise-de-rdv","status":"publish","type":"page","link":"https:\/\/setcom.fr\/index.php\/prise-de-rdv\/","title":{"rendered":"Prise de RDV"},"content":{"rendered":"\n<div class=\"wpcf7 no-js\" id=\"wpcf7-f207-o1\" lang=\"fr-FR\" dir=\"ltr\" data-wpcf7-id=\"207\">\n<div class=\"screen-reader-response\"><p role=\"status\" aria-live=\"polite\" aria-atomic=\"true\"><\/p> <ul><\/ul><\/div>\n<form action=\"\/index.php\/wp-json\/wp\/v2\/pages\/204#wpcf7-f207-o1\" method=\"post\" class=\"wpcf7-form init\" aria-label=\"Formulaire de contact\" enctype=\"multipart\/form-data\" novalidate=\"novalidate\" data-status=\"init\">\n<fieldset class=\"hidden-fields-container\"><input type=\"hidden\" name=\"_wpcf7\" value=\"207\" \/><input type=\"hidden\" name=\"_wpcf7_version\" value=\"6.1\" \/><input type=\"hidden\" name=\"_wpcf7_locale\" value=\"fr_FR\" \/><input type=\"hidden\" name=\"_wpcf7_unit_tag\" value=\"wpcf7-f207-o1\" \/><input type=\"hidden\" name=\"_wpcf7_container_post\" value=\"0\" \/><input type=\"hidden\" name=\"_wpcf7_posted_data_hash\" value=\"\" \/>\n<\/fieldset>\n<h3>Formulaire de prise de rendez-vous\n<\/h3>\n<p><label>Nom :<\/label>\n<\/p>\n<p><span class=\"wpcf7-form-control-wrap\" data-name=\"nom\"><input size=\"40\" maxlength=\"400\" class=\"wpcf7-form-control wpcf7-text wpcf7-validates-as-required\" aria-required=\"true\" aria-invalid=\"false\" value=\"\" type=\"text\" name=\"nom\" \/><\/span>\n<\/p>\n<p><label>Pr\u00e9nom :<\/label>\n<\/p>\n<p><span class=\"wpcf7-form-control-wrap\" data-name=\"prenom\"><input size=\"40\" maxlength=\"400\" class=\"wpcf7-form-control wpcf7-text wpcf7-validates-as-required\" aria-required=\"true\" aria-invalid=\"false\" value=\"\" type=\"text\" name=\"prenom\" \/><\/span>\n<\/p>\n<p><label>Email :<\/label>\n<\/p>\n<p><span class=\"wpcf7-form-control-wrap\" data-name=\"email\"><input size=\"40\" maxlength=\"400\" class=\"wpcf7-form-control wpcf7-email wpcf7-validates-as-required wpcf7-text wpcf7-validates-as-email\" aria-required=\"true\" aria-invalid=\"false\" value=\"\" type=\"email\" name=\"email\" \/><\/span>\n<\/p>\n<p><label>T\u00e9l\u00e9phone :<\/label>\n<\/p>\n<p><span class=\"wpcf7-form-control-wrap\" data-name=\"telephone\"><input size=\"40\" maxlength=\"400\" class=\"wpcf7-form-control wpcf7-tel wpcf7-validates-as-required wpcf7-text wpcf7-validates-as-tel\" aria-required=\"true\" aria-invalid=\"false\" value=\"\" type=\"tel\" name=\"telephone\" \/><\/span>\n<\/p>\n<p><label>\u00c2ge :<\/label>\n<\/p>\n<p><span class=\"wpcf7-form-control-wrap\" data-name=\"age\"><input class=\"wpcf7-form-control wpcf7-number wpcf7-validates-as-required wpcf7-validates-as-number\" aria-required=\"true\" aria-invalid=\"false\" value=\"\" type=\"number\" name=\"age\" \/><\/span>\n<\/p>\n<p><label>Taille (cm) :<\/label>\n<\/p>\n<p><span class=\"wpcf7-form-control-wrap\" data-name=\"taille\"><input class=\"wpcf7-form-control wpcf7-number wpcf7-validates-as-number\" aria-invalid=\"false\" value=\"\" type=\"number\" name=\"taille\" \/><\/span>\n<\/p>\n<p><label>Poids (kg) :<\/label>\n<\/p>\n<p><span class=\"wpcf7-form-control-wrap\" data-name=\"poids\"><input class=\"wpcf7-form-control wpcf7-number wpcf7-validates-as-number\" aria-invalid=\"false\" value=\"\" type=\"number\" name=\"poids\" \/><\/span>\n<\/p>\n<p>Type d\u2019intervention\n<\/p>\n<p><span class=\"wpcf7-form-control-wrap\" data-name=\"intervention\"><select class=\"wpcf7-form-control wpcf7-select wpcf7-validates-as-required\" aria-required=\"true\" aria-invalid=\"false\" name=\"intervention\"><option value=\"Intervention : s\u00e9lectionner le type d&#039;intervention\">Intervention : s\u00e9lectionner le type d&#039;intervention<\/option><option value=\"Liposuccion : retrait des graisses localis\u00e9es\">Liposuccion : retrait des graisses localis\u00e9es<\/option><option value=\"Abdominoplastie  : chirurgie du ventre rel\u00e2ch\u00e9\">Abdominoplastie  : chirurgie du ventre rel\u00e2ch\u00e9<\/option><option value=\"Bl\u00e9pharoplastie : chirurgie des paupi\u00e8res\">Bl\u00e9pharoplastie : chirurgie des paupi\u00e8res<\/option><option value=\"Lifting cervico-facial : rajeunissement du visage et du cou\">Lifting cervico-facial : rajeunissement du visage et du cou<\/option><option value=\"G\u00e9nioplastie : chirurgie du menton\">G\u00e9nioplastie : chirurgie du menton<\/option><option value=\"Otoplastie : correction des oreilles d\u00e9coll\u00e9es\">Otoplastie : correction des oreilles d\u00e9coll\u00e9es<\/option><option value=\"Lipofilling du visage : injection de graisse autologue pour combler les rides\">Lipofilling du visage : injection de graisse autologue pour combler les rides<\/option><option value=\"Bichectomie : retrait des boules de Bichat pour affiner les joues\">Bichectomie : retrait des boules de Bichat pour affiner les joues<\/option><option value=\"Frontoplastie : r\u00e9duction ou lissage du front\">Frontoplastie : r\u00e9duction ou lissage du front<\/option><option value=\"Lifting temporal : repositionnement des tempes et des sourcils\">Lifting temporal : repositionnement des tempes et des sourcils<\/option><option value=\"Autre\">Autre<\/option><\/select><\/span>\n<\/p>\n<p><label>Ant\u00e9c\u00e9dents m\u00e9dicaux :<\/label>\n<\/p>\n<p><span class=\"wpcf7-form-control-wrap\" data-name=\"antecedents\"><textarea cols=\"40\" rows=\"10\" maxlength=\"2000\" class=\"wpcf7-form-control wpcf7-textarea\" aria-invalid=\"false\" name=\"antecedents\"><\/textarea><\/span>\n<\/p>\n<p><label>Ant\u00e9c\u00e9dents chirurgicaux :<\/label>\n<\/p>\n<p><span class=\"wpcf7-form-control-wrap\" data-name=\"chirurgicaux\"><textarea cols=\"40\" rows=\"10\" maxlength=\"2000\" class=\"wpcf7-form-control wpcf7-textarea\" aria-invalid=\"false\" name=\"chirurgicaux\"><\/textarea><\/span>\n<\/p>\n<p><label><u><b>Bilan pr\u00e9-op\u00e9ratoire (ECG + \u00e9cho cardiaque) :<\/b><\/u><\/label>\n<\/p>\n<p><span class=\"wpcf7-form-control-wrap\" data-name=\"bilan-op\"><input size=\"40\" class=\"wpcf7-form-control wpcf7-file\" accept=\".pdf\" aria-invalid=\"false\" type=\"file\" name=\"bilan-op\" \/><\/span><br \/>\n<label>(Seuls les fichiers au format PDF pourront \u00eatre t\u00e9l\u00e9vers\u00e9s)<\/label>\n<\/p>\n<p><label><u><b>Bilan biologique (PDF) :<\/b><\/u><\/label>\n<\/p>\n<p><span class=\"wpcf7-form-control-wrap\" data-name=\"bilan-bio\"><input size=\"40\" class=\"wpcf7-form-control wpcf7-file\" accept=\".pdf\" aria-invalid=\"false\" type=\"file\" name=\"bilan-bio\" \/><\/span><br \/>\n<label>(Seuls les fichiers au format PDF pourront \u00eatre t\u00e9l\u00e9vers\u00e9s)<\/label>\n<\/p>\n<p><label>Souhaitez-vous une consultation en visio (WhatApps) ? (80\u20ac, d\u00e9ductible si intervention)<\/label><br \/>\n<label>Par l'affirmative, un RDV vous sera propos\u00e9<\/label>\n<\/p>\n<p><span class=\"wpcf7-form-control-wrap\" data-name=\"visio\"><span class=\"wpcf7-form-control wpcf7-radio\"><span class=\"wpcf7-list-item first\"><input type=\"radio\" name=\"visio\" value=\"Oui\" checked=\"checked\" \/><span class=\"wpcf7-list-item-label\">Oui<\/span><\/span><span class=\"wpcf7-list-item last\"><input type=\"radio\" name=\"visio\" value=\"Non\" \/><span class=\"wpcf7-list-item-label\">Non<\/span><\/span><\/span><\/span>\n<\/p>\n<p><label>Souhaitez-vous une ordonnance pour faire les analyses ?<br \/>\nSi oui, une visio obligatoire vous sera propos\u00e9e pour valider cette demande (80\u20ac, d\u00e9ductible si intervention).<\/label>\n<\/p>\n<p><span class=\"wpcf7-form-control-wrap\" data-name=\"ordonnance\"><span class=\"wpcf7-form-control wpcf7-checkbox\"><span class=\"wpcf7-list-item first last\"><label><input type=\"checkbox\" name=\"ordonnance[]\" value=\"Oui, je souhaite une ordonnance\" \/><span class=\"wpcf7-list-item-label\">Oui, je souhaite une ordonnance<\/span><\/label><\/span><\/span><\/span>\n<\/p>\n<p><input class=\"wpcf7-form-control wpcf7-submit has-spinner\" type=\"submit\" value=\"Envoyer ma demande\" \/>\n<\/p><div class=\"wpcf7-response-output\" aria-hidden=\"true\"><\/div>\n<\/form>\n<\/div>\n\n","protected":false},"excerpt":{"rendered":"","protected":false},"author":1,"featured_media":0,"parent":0,"menu_order":0,"comment_status":"open","ping_status":"closed","template":"","meta":{"footnotes":""},"class_list":["post-204","page","type-page","status-publish","hentry"],"_links":{"self":[{"href":"https:\/\/setcom.fr\/index.php\/wp-json\/wp\/v2\/pages\/204","targetHints":{"allow":["GET"]}}],"collection":[{"href":"https:\/\/setcom.fr\/index.php\/wp-json\/wp\/v2\/pages"}],"about":[{"href":"https:\/\/setcom.fr\/index.php\/wp-json\/wp\/v2\/types\/page"}],"author":[{"embeddable":true,"href":"https:\/\/setcom.fr\/index.php\/wp-json\/wp\/v2\/users\/1"}],"replies":[{"embeddable":true,"href":"https:\/\/setcom.fr\/index.php\/wp-json\/wp\/v2\/comments?post=204"}],"version-history":[{"count":2,"href":"https:\/\/setcom.fr\/index.php\/wp-json\/wp\/v2\/pages\/204\/revisions"}],"predecessor-version":[{"id":208,"href":"https:\/\/setcom.fr\/index.php\/wp-json\/wp\/v2\/pages\/204\/revisions\/208"}],"wp:attachment":[{"href":"https:\/\/setcom.fr\/index.php\/wp-json\/wp\/v2\/media?parent=204"}],"curies":[{"name":"wp","href":"https:\/\/api.w.org\/{rel}","templated":true}]}}