{"id":130,"date":"2025-07-02T13:47:32","date_gmt":"2025-07-02T11:47:32","guid":{"rendered":"https:\/\/setcom.fr\/?page_id=130"},"modified":"2025-08-03T14:26:43","modified_gmt":"2025-08-03T12:26:43","slug":"resultats-avant-apres","status":"publish","type":"page","link":"https:\/\/setcom.fr\/index.php\/resultats-avant-apres\/","title":{"rendered":"R\u00e9sultats Avant \/ Apr\u00e8s"},"content":{"rendered":"\n<h1 class=\"wp-block-heading\">R\u00e9sultats Avant \/ Apr\u00e8s<\/h1>\n\n\n\n<p>D\u00e9couvrez ici quelques exemples de r\u00e9sultats obtenus gr\u00e2ce aux interventions du Dr BENKADDOUR. Pour la plupart des photos, elles sont prises juste avant et juste apr\u00e8s l&#8217;intervention et publi\u00e9es avec l&#8217;accord \u00e9crit des patient(e)s.<\/p>\n\n\n\n<hr class=\"wp-block-separator has-alpha-channel-opacity\"\/>\n\n\n\n<figure class=\"wp-block-video\"><video height=\"832\" style=\"aspect-ratio: 464 \/ 832;\" width=\"464\" controls src=\"http:\/\/setcom.fr\/wp-content\/uploads\/2025\/08\/giganto-mastie.mp4\"><\/video><figcaption class=\"wp-element-caption\"><strong>Giganto-mastie bilat\u00e9rale trait\u00e9 chirurgicalement par r\u00e9ductions mammaires avec transposition de l&#8217;a\u00e9rolo-mamelonnaire par simple greffe.<\/strong><\/figcaption><\/figure>\n\n\n\n<h2 class=\"wp-block-heading\">Rhinoplastie (nez)<\/h2>\n\n\n\n<figure class=\"wp-block-image size-full is-resized\"><img loading=\"lazy\" decoding=\"async\" width=\"206\" height=\"206\" src=\"http:\/\/setcom.fr\/wp-content\/uploads\/2025\/07\/avant-apres12.jpg\" alt=\"\" class=\"wp-image-158\" style=\"width:565px;height:auto\" srcset=\"https:\/\/setcom.fr\/wp-content\/uploads\/2025\/07\/avant-apres12.jpg 206w, https:\/\/setcom.fr\/wp-content\/uploads\/2025\/07\/avant-apres12-150x150.jpg 150w\" sizes=\"auto, (max-width: 206px) 100vw, 206px\" \/><\/figure>\n\n\n\n<hr class=\"wp-block-separator has-alpha-channel-opacity\"\/>\n\n\n\n<h2 class=\"wp-block-heading\">Liposuccion \/ Liposculpture<\/h2>\n\n\n\n<figure class=\"wp-block-image size-full is-resized\"><img loading=\"lazy\" decoding=\"async\" width=\"206\" height=\"206\" src=\"http:\/\/setcom.fr\/wp-content\/uploads\/2025\/07\/avant-apres6.jpg\" alt=\"\" class=\"wp-image-152\" style=\"width:564px;height:auto\" srcset=\"https:\/\/setcom.fr\/wp-content\/uploads\/2025\/07\/avant-apres6.jpg 206w, https:\/\/setcom.fr\/wp-content\/uploads\/2025\/07\/avant-apres6-150x150.jpg 150w\" sizes=\"auto, (max-width: 206px) 100vw, 206px\" \/><\/figure>\n\n\n\n<hr class=\"wp-block-separator has-alpha-channel-opacity\"\/>\n\n\n\n<h2 class=\"wp-block-heading\">Abdominoplastie (chirurgie du ventre)<\/h2>\n\n\n\n<figure class=\"wp-block-image size-full is-resized\"><img loading=\"lazy\" decoding=\"async\" width=\"206\" height=\"206\" src=\"http:\/\/setcom.fr\/wp-content\/uploads\/2025\/07\/avant-apres9.jpg\" alt=\"\" class=\"wp-image-155\" style=\"width:565px;height:auto\" srcset=\"https:\/\/setcom.fr\/wp-content\/uploads\/2025\/07\/avant-apres9.jpg 206w, https:\/\/setcom.fr\/wp-content\/uploads\/2025\/07\/avant-apres9-150x150.jpg 150w\" sizes=\"auto, (max-width: 206px) 100vw, 206px\" \/><\/figure>\n\n\n\n<hr class=\"wp-block-separator has-alpha-channel-opacity\"\/>\n\n\n\n<h2 class=\"wp-block-heading\">Augmentation mammaire<\/h2>\n\n\n\n<figure class=\"wp-block-image size-full is-resized\"><img loading=\"lazy\" decoding=\"async\" width=\"206\" height=\"206\" src=\"http:\/\/setcom.fr\/wp-content\/uploads\/2025\/07\/avant-apres16.jpg\" alt=\"\" class=\"wp-image-165\" style=\"width:559px;height:auto\" srcset=\"https:\/\/setcom.fr\/wp-content\/uploads\/2025\/07\/avant-apres16.jpg 206w, https:\/\/setcom.fr\/wp-content\/uploads\/2025\/07\/avant-apres16-150x150.jpg 150w\" sizes=\"auto, (max-width: 206px) 100vw, 206px\" \/><\/figure>\n\n\n\n<hr class=\"wp-block-separator has-alpha-channel-opacity\"\/>\n\n\n\n<h2 class=\"wp-block-heading\">R\u00e9duction mammaire \/ Lifting des seins<\/h2>\n\n\n\n<figure class=\"wp-block-image size-full is-resized\"><img loading=\"lazy\" decoding=\"async\" width=\"206\" height=\"206\" src=\"http:\/\/setcom.fr\/wp-content\/uploads\/2025\/07\/avant-apres17.jpg\" alt=\"\" class=\"wp-image-166\" style=\"width:559px;height:auto\" srcset=\"https:\/\/setcom.fr\/wp-content\/uploads\/2025\/07\/avant-apres17.jpg 206w, https:\/\/setcom.fr\/wp-content\/uploads\/2025\/07\/avant-apres17-150x150.jpg 150w\" sizes=\"auto, (max-width: 206px) 100vw, 206px\" \/><\/figure>\n\n\n\n<hr class=\"wp-block-separator has-alpha-channel-opacity\"\/>\n\n\n\n<h2 class=\"wp-block-heading\">Bodylift<\/h2>\n\n\n\n<hr class=\"wp-block-separator has-alpha-channel-opacity\"\/>\n\n\n\n<h2 class=\"wp-block-heading\">Lipofilling fessier<\/h2>\n\n\n\n<hr class=\"wp-block-separator has-alpha-channel-opacity\"\/>\n\n\n\n<h2 class=\"wp-block-heading\">Otoplastie (oreilles d\u00e9coll\u00e9es)<\/h2>\n\n\n\n<figure class=\"wp-block-image size-full is-resized\"><img loading=\"lazy\" decoding=\"async\" width=\"206\" height=\"206\" src=\"http:\/\/setcom.fr\/wp-content\/uploads\/2025\/07\/avant-apres21.jpg\" alt=\"\" class=\"wp-image-169\" style=\"width:565px;height:auto\" srcset=\"https:\/\/setcom.fr\/wp-content\/uploads\/2025\/07\/avant-apres21.jpg 206w, https:\/\/setcom.fr\/wp-content\/uploads\/2025\/07\/avant-apres21-150x150.jpg 150w\" sizes=\"auto, (max-width: 206px) 100vw, 206px\" \/><\/figure>\n\n\n\n<hr class=\"wp-block-separator has-alpha-channel-opacity\"\/>\n\n\n\n<h2 class=\"wp-block-heading\">Chirurgie reconstructrice (post-cancer, post-traumatique)<\/h2>\n\n\n\n<figure class=\"wp-block-image size-full is-resized\"><img loading=\"lazy\" decoding=\"async\" width=\"206\" height=\"206\" src=\"http:\/\/setcom.fr\/wp-content\/uploads\/2025\/07\/avant-apres18.jpg\" alt=\"\" class=\"wp-image-167\" style=\"width:566px;height:auto\" srcset=\"https:\/\/setcom.fr\/wp-content\/uploads\/2025\/07\/avant-apres18.jpg 206w, https:\/\/setcom.fr\/wp-content\/uploads\/2025\/07\/avant-apres18-150x150.jpg 150w\" sizes=\"auto, (max-width: 206px) 100vw, 206px\" \/><\/figure>\n","protected":false},"excerpt":{"rendered":"<p>R\u00e9sultats Avant \/ Apr\u00e8s D\u00e9couvrez ici quelques exemples de r\u00e9sultats [&hellip;]<\/p>\n","protected":false},"author":1,"featured_media":0,"parent":0,"menu_order":0,"comment_status":"open","ping_status":"closed","template":"","meta":{"footnotes":""},"class_list":["post-130","page","type-page","status-publish","hentry"],"_links":{"self":[{"href":"https:\/\/setcom.fr\/index.php\/wp-json\/wp\/v2\/pages\/130","targetHints":{"allow":["GET"]}}],"collection":[{"href":"https:\/\/setcom.fr\/index.php\/wp-json\/wp\/v2\/pages"}],"about":[{"href":"https:\/\/setcom.fr\/index.php\/wp-json\/wp\/v2\/types\/page"}],"author":[{"embeddable":true,"href":"https:\/\/setcom.fr\/index.php\/wp-json\/wp\/v2\/users\/1"}],"replies":[{"embeddable":true,"href":"https:\/\/setcom.fr\/index.php\/wp-json\/wp\/v2\/comments?post=130"}],"version-history":[{"count":9,"href":"https:\/\/setcom.fr\/index.php\/wp-json\/wp\/v2\/pages\/130\/revisions"}],"predecessor-version":[{"id":360,"href":"https:\/\/setcom.fr\/index.php\/wp-json\/wp\/v2\/pages\/130\/revisions\/360"}],"wp:attachment":[{"href":"https:\/\/setcom.fr\/index.php\/wp-json\/wp\/v2\/media?parent=130"}],"curies":[{"name":"wp","href":"https:\/\/api.w.org\/{rel}","templated":true}]}}